{"id":16,"date":"2025-08-31T04:04:57","date_gmt":"2025-08-31T07:04:57","guid":{"rendered":"https:\/\/rite.com.br\/index.php\/inicio\/"},"modified":"2025-08-31T04:04:57","modified_gmt":"2025-08-31T07:04:57","slug":"inicio","status":"publish","type":"page","link":"https:\/\/rite.com.br\/","title":{"rendered":"In\u00edcio"},"content":{"rendered":"<p>Bem-vindos \u00e0 JPMendes Tecnologia!<\/p>\n<p>Esta \u00e9 a p\u00e1gina inicial do seu site. Voc\u00ea pode editar este conte\u00fado atrav\u00e9s do painel administrativo do WordPress.<\/p>\n<p><strong>Para personalizar completamente a p\u00e1gina inicial:<\/strong><\/p>\n<ul>\n<li>Selecione o template &#8220;JPMendes &#8211; P\u00e1gina Inicial&#8221; na se\u00e7\u00e3o &#8220;Atributos da P\u00e1gina&#8221;<\/li>\n<li>Use as configura\u00e7\u00f5es abaixo para personalizar cada se\u00e7\u00e3o<\/li>\n<li>Configure informa\u00e7\u00f5es de contato em Apar\u00eancia > Personalizar<\/li>\n<\/ul>\n","protected":false},"excerpt":{"rendered":"<p>Bem-vindos \u00e0 JPMendes Tecnologia! Esta \u00e9 a p\u00e1gina inicial do seu site. Voc\u00ea pode editar este conte\u00fado atrav\u00e9s do painel administrativo do WordPress. Para personalizar&#8230;<\/p>\n","protected":false},"author":1,"featured_media":0,"parent":0,"menu_order":0,"comment_status":"closed","ping_status":"closed","template":"page-homepage.php","meta":{"jetpack_post_was_ever_published":false,"footnotes":""},"class_list":["post-16","page","type-page","status-publish","hentry"],"jetpack-related-posts":[],"jetpack_sharing_enabled":true,"_links":{"self":[{"href":"https:\/\/rite.com.br\/index.php\/wp-json\/wp\/v2\/pages\/16","targetHints":{"allow":["GET"]}}],"collection":[{"href":"https:\/\/rite.com.br\/index.php\/wp-json\/wp\/v2\/pages"}],"about":[{"href":"https:\/\/rite.com.br\/index.php\/wp-json\/wp\/v2\/types\/page"}],"author":[{"embeddable":true,"href":"https:\/\/rite.com.br\/index.php\/wp-json\/wp\/v2\/users\/1"}],"replies":[{"embeddable":true,"href":"https:\/\/rite.com.br\/index.php\/wp-json\/wp\/v2\/comments?post=16"}],"version-history":[{"count":0,"href":"https:\/\/rite.com.br\/index.php\/wp-json\/wp\/v2\/pages\/16\/revisions"}],"wp:attachment":[{"href":"https:\/\/rite.com.br\/index.php\/wp-json\/wp\/v2\/media?parent=16"}],"curies":[{"name":"wp","href":"https:\/\/api.w.org\/{rel}","templated":true}]}}